{"id":21,"date":"2023-12-29T06:32:11","date_gmt":"2023-12-29T06:32:11","guid":{"rendered":"https:\/\/urcheckpoint.com\/demo02\/?post_type=product&#038;p=21"},"modified":"2024-01-09T05:13:45","modified_gmt":"2024-01-09T05:13:45","slug":"chan-cua-chot-dap-lo-xo-hobby-home-decor","status":"publish","type":"product","link":"https:\/\/lamvi.site\/index.php\/san-pham\/chan-cua-chot-dap-lo-xo-hobby-home-decor\/","title":{"rendered":"Ch\u1eb7n c\u1eeda ch\u1ed1t \u0111\u1ea1p l\u00f2 xo Hobby Home Decor"},"content":{"rendered":"<p>Ch\u1eb7n c\u1eeda ch\u1ed1t \u0111\u1ea1p l\u00f2 xo Hobby Home Decor m\u00e0u b\u1ea1c c\u00f3 k\u00edch th\u01b0\u1edbc nh\u1ecf g\u1ecdn, ti\u1ec7n l\u1eafp v\u1edbi nhi\u1ec1u lo\u1ea1i c\u1eeda kh\u00e1c nhau. Ch\u1eb7n c\u1eeda Hobby Home Decor gi\u1eef c\u1eeda c\u1ed1 \u0111\u1ecbnh, tr\u00e1nh tr\u00f4i tr\u01b0\u1ee3t t\u1ed1t.<\/p>\n<p><img loading=\"lazy\" decoding=\"async\" src=\"https:\/\/bizweb.dktcdn.net\/100\/423\/358\/products\/chan-cua-chot-dap-lo-xo-hobby-ho2.jpg?v=1692887305383\" alt=\"Banner\" width=\"520\" height=\"476\" \/><\/p>\n<p>\u0110\u1eb7c \u0111i\u1ec3m c\u1ee7a ch\u1eb7n c\u1eeda ch\u1ed1t \u0111\u1ea1p l\u00f2 xo Hobby Home Decor<\/p>\n<ul>\n<li>M\u00e0u s\u1eafc: M\u00e0u b\u1ea1c<\/li>\n<li>Ch\u1ea5t li\u1ec7u: H\u1ee3p kim k\u1ebdm h\u1ea1n ch\u1ebf hoen g\u1ec9.<\/li>\n<li>C\u00f3 ch\u00e2n \u0111\u1ebf cao su gi\u00fap tr\u00e1nh tr\u1ea7y x\u01b0\u1edbc tr\u00e0n l\u1ea1i t\u0103ng kh\u1ea3 n\u0103ng gi\u1eef c\u1eeda kh\u00f4ng b\u1ecb tr\u00f4i.<\/li>\n<li>B\u00ean trong ch\u1eb7n c\u1eeda Hobby Home Decor c\u00f3 ch\u1ed1t c\u00f3 l\u00f2 x\u00f2 gi\u00fap \u0111\u1ea1p xu\u1ed1ng \u0111\u1ec3 d\u1ec5 d\u00e0ng n\u00e2ng ch\u1ed1t l\u00ean.<\/li>\n<\/ul>\n","protected":false},"excerpt":{"rendered":"<h3>M\u00f4 t\u1ea3:<\/h3>\n<div class=\"rte\">\n<p>Ch\u1eb7n c\u1eeda ch\u1ed1t \u0111\u1ea1p l\u00f2 xo Hobby Home Decor m\u00e0u b\u1ea1c c\u00f3 k\u00edch th\u01b0\u1edbc nh\u1ecf g\u1ecdn, ti\u1ec7n l\u1eafp v\u1edbi nhi\u1ec1u lo\u1ea1i c\u1eeda kh\u00e1c nhau. Ch\u1eb7n c\u1eeda Hobby Home Decor gi\u1eef c\u1eeda c\u1ed1 \u0111\u1ecbnh, tr\u00e1nh tr\u00f4i tr\u01b0\u1ee3t t\u1ed1t.<\/p>\n<\/div>\n","protected":false},"featured_media":23,"template":"","meta":[],"product_cat":[18,19,20,17],"product_tag":[],"class_list":{"0":"post-21","1":"product","2":"type-product","3":"status-publish","4":"has-post-thumbnail","6":"product_cat-phu-kien-cua-di","7":"product_cat-phu-kien-cua-so","8":"product_cat-rem-trong-kinh","9":"product_cat-tay-nam-cua","11":"first","12":"instock","13":"shipping-taxable","14":"product-type-simple"},"_links":{"self":[{"href":"https:\/\/lamvi.site\/index.php\/wp-json\/wp\/v2\/product\/21","targetHints":{"allow":["GET"]}}],"collection":[{"href":"https:\/\/lamvi.site\/index.php\/wp-json\/wp\/v2\/product"}],"about":[{"href":"https:\/\/lamvi.site\/index.php\/wp-json\/wp\/v2\/types\/product"}],"wp:featuredmedia":[{"embeddable":true,"href":"https:\/\/lamvi.site\/index.php\/wp-json\/wp\/v2\/media\/23"}],"wp:attachment":[{"href":"https:\/\/lamvi.site\/index.php\/wp-json\/wp\/v2\/media?parent=21"}],"wp:term":[{"taxonomy":"product_cat","embeddable":true,"href":"https:\/\/lamvi.site\/index.php\/wp-json\/wp\/v2\/product_cat?post=21"},{"taxonomy":"product_tag","embeddable":true,"href":"https:\/\/lamvi.site\/index.php\/wp-json\/wp\/v2\/product_tag?post=21"}],"curies":[{"name":"wp","href":"https:\/\/api.w.org\/{rel}","templated":true}]}}