{"id":48,"date":"2023-12-29T06:37:58","date_gmt":"2023-12-29T06:37:58","guid":{"rendered":"https:\/\/urcheckpoint.com\/demo02\/?page_id=48"},"modified":"2024-01-09T04:35:55","modified_gmt":"2024-01-09T04:35:55","slug":"lien-he","status":"publish","type":"page","link":"https:\/\/lamvi.site\/index.php\/lien-he\/","title":{"rendered":"Li\u00ean h\u1ec7"},"content":{"rendered":"\t<section class=\"section\" id=\"section_2031648423\">\n\t\t<div class=\"bg section-bg fill bg-fill  \" >\n\n\t\t\t\n\t\t\t<div class=\"section-bg-overlay absolute fill\"><\/div>\n\t\t\t\n\n\t\t<\/div>\n\n\t\t\n\n\t\t<div class=\"section-content relative\">\n\t\t\t\n\t<div id=\"text-1482330282\" class=\"text\">\n\t\t\n<h1 style=\"text-align: center;\">LI\u00caN H\u1ec6<\/h1>\n\t\t\n<style>\n#text-1482330282 {\n  color: rgb(255,255,255);\n}\n#text-1482330282 > * {\n  color: rgb(255,255,255);\n}\n<\/style>\n\t<\/div>\n\t\n\t\t<\/div>\n\n\t\t\n<style>\n#section_2031648423 {\n  padding-top: 60px;\n  padding-bottom: 60px;\n}\n#section_2031648423 .section-bg-overlay {\n  background-color: rgba(0,0,0,.5);\n}\n#section_2031648423 .section-bg.bg-loaded {\n  background-image: url(https:\/\/lamvi.site\/wp-content\/uploads\/2024\/01\/banner_2_ef91c60bf7.jpg);\n}\n<\/style>\n\t<\/section>\n\t\n\t<section class=\"section\" id=\"section_432568848\">\n\t\t<div class=\"bg section-bg fill bg-fill  bg-loaded\" >\n\n\t\t\t\n\t\t\t\n\t\t\t\n\n\t\t<\/div>\n\n\t\t\n\n\t\t<div class=\"section-content relative\">\n\t\t\t\n<div class=\"row\"  id=\"row-783906163\">\n\n\t<div id=\"col-2113545539\" class=\"col small-12 large-12\"  >\n\t\t\t\t<div class=\"col-inner\"  >\n\t\t\t\n\t\t\t\n\t<div id=\"text-2652918728\" class=\"text\">\n\t\t\n<h2>N\u01a0I GI\u1ea2I \u0110\u00c1P TO\u00c0N B\u1ed8 M\u1eccI TH\u1eaeC M\u1eaeC C\u1ee6A B\u1ea0N?<\/h2>\n<div class=\"des_foo\">V\u1edbi s\u1ee9 m\u1ec7nh &#8220;Kh\u00e1ch h\u00e0ng l\u00e0 \u01b0u ti\u00ean s\u1ed1 1&#8221; ch\u00fang t\u00f4i lu\u00f4n m\u1ea1ng l\u1ea1i gi\u00e1 tr\u1ecb t\u1ed1t nh\u1ea5t<\/div>\n\t\t\n<style>\n#text-2652918728 {\n  text-align: center;\n}\n<\/style>\n\t<\/div>\n\t\n\t\t<\/div>\n\t\t\t\t\t<\/div>\n\n\t\n<\/div>\n<div class=\"row\"  id=\"row-1985435070\">\n\n\t<div id=\"col-881788896\" class=\"col medium-4 small-12 large-4\"  >\n\t\t\t\t<div class=\"col-inner\"  >\n\t\t\t\n\t\t\t\n\n\t\t<div class=\"icon-box featured-box icon-box-left text-left\"  >\n\t\t\t\t\t<div class=\"icon-box-img\" style=\"width: 40px\">\n\t\t\t\t<div class=\"icon\">\n\t\t\t\t\t<div class=\"icon-inner\" >\n\t\t\t\t\t\t<img loading=\"lazy\" decoding=\"async\" width=\"94\" height=\"102\" src=\"https:\/\/lamvi.site\/wp-content\/uploads\/2023\/12\/Screenshot-2023-12-29-at-15.46.30.png\" class=\"attachment-medium size-medium\" alt=\"\" \/>\t\t\t\t\t<\/div>\n\t\t\t\t<\/div>\n\t\t\t<\/div>\n\t\t\t\t<div class=\"icon-box-text last-reset\">\n\t\t\t\t\t\t\t\t\t\n<p><strong><span class=\"text\">CMECH MI\u1ec0N B\u1eaeC <\/span><\/strong><\/p>\n<p><span class=\"text\">S\u1ed1 8 &#8211; C64 Khu \u0111\u00f4 th\u1ecb Geleximco, \u0110\u01b0\u1eddng L\u00ea Tr\u1ecdng T\u1ea5n, Ph\u01b0\u1eddng D\u01b0\u01a1ng N\u1ed9i , Qu\u1eadn H\u00e0 \u0110\u00f4ng , TP H\u00e0 N\u1ed9i, Vi\u1ec7t Nam<\/span><\/p>\n<p>0911 045 123 &#8211; 0563 001 001<\/p>\n<p>0588 028 028 &#8211; 0927 29 1975<\/p>\n\t\t<\/div>\n\t<\/div>\n\t\n\t\n\t\t<\/div>\n\t\t\t\t\t<\/div>\n\n\t\n\n\t<div id=\"col-1760163107\" class=\"col medium-4 small-12 large-4\"  >\n\t\t\t\t<div class=\"col-inner\"  >\n\t\t\t\n\t\t\t\n\n\t\t<div class=\"icon-box featured-box icon-box-left text-left\"  >\n\t\t\t\t\t<div class=\"icon-box-img\" style=\"width: 40px\">\n\t\t\t\t<div class=\"icon\">\n\t\t\t\t\t<div class=\"icon-inner\" >\n\t\t\t\t\t\t<img loading=\"lazy\" decoding=\"async\" width=\"94\" height=\"102\" src=\"https:\/\/lamvi.site\/wp-content\/uploads\/2023\/12\/Screenshot-2023-12-29-at-15.46.30.png\" class=\"attachment-medium size-medium\" alt=\"\" \/>\t\t\t\t\t<\/div>\n\t\t\t\t<\/div>\n\t\t\t<\/div>\n\t\t\t\t<div class=\"icon-box-text last-reset\">\n\t\t\t\t\t\t\t\t\t\n<p><strong><span class=\"text\">CMECH MI\u1ec0N TRUNG <\/span><\/strong><\/p>\n<p><span class=\"text\">463 \u0111\u01b0\u1eddng 29 th\u00e1ng 3, ph\u01b0\u1eddng H\u00f2a Xu\u00e2n, Qu\u1eadn C\u1ea9m L\u1ec7, TP.\u0110\u00e0 N\u1eb5ng <\/span><\/p>\n<p><span style=\"color: #333333;\"><a class=\"text-is-phone-number\" style=\"color: #333333;\" data-z-element-type=\"phone-number\">093 561 2228<\/a><\/span><\/p>\n\t\t<\/div>\n\t<\/div>\n\t\n\t\n\t\t<\/div>\n\t\t\t\t\t<\/div>\n\n\t\n\n\t<div id=\"col-312042818\" class=\"col medium-4 small-12 large-4\"  >\n\t\t\t\t<div class=\"col-inner\"  >\n\t\t\t\n\t\t\t\n\n\t\t<div class=\"icon-box featured-box icon-box-left text-left\"  >\n\t\t\t\t\t<div class=\"icon-box-img\" style=\"width: 40px\">\n\t\t\t\t<div class=\"icon\">\n\t\t\t\t\t<div class=\"icon-inner\" >\n\t\t\t\t\t\t<img loading=\"lazy\" decoding=\"async\" width=\"94\" height=\"102\" src=\"https:\/\/lamvi.site\/wp-content\/uploads\/2023\/12\/Screenshot-2023-12-29-at-15.46.30.png\" class=\"attachment-medium size-medium\" alt=\"\" \/>\t\t\t\t\t<\/div>\n\t\t\t\t<\/div>\n\t\t\t<\/div>\n\t\t\t\t<div class=\"icon-box-text last-reset\">\n\t\t\t\t\t\t\t\t\t\n<p><strong><span class=\"text\">CMECH MI\u1ec0N NAM <\/span><\/strong><\/p>\n<p><span class=\"text\">S\u1ed1 46 L\u00ea Th\u1ecb Ri\u00eang, ph\u01b0\u1eddng Th\u1edbi An, Qu\u1eadn 12, TP.HCM <\/span><\/p>\n<p><span class=\"text\">0911 475 225 &#8211; 094 134 5225 <\/span><\/p>\n<p><span class=\"text\">0917 864 483 &#8211; 0944 582 483<\/span><\/p>\n\t\t<\/div>\n\t<\/div>\n\t\n\t\n\t\t<\/div>\n\t\t\t\t\t<\/div>\n\n\t\n<\/div>\n<div class=\"row\"  id=\"row-1954918238\">\n\n\t<div id=\"col-2101073888\" class=\"col medium-4 small-12 large-4\"  >\n\t\t\t\t<div class=\"col-inner\"  >\n\t\t\t\n\t\t\t\n\n\t\t<div class=\"icon-box featured-box icon-box-left text-left\"  >\n\t\t\t\t\t<div class=\"icon-box-img\" style=\"width: 40px\">\n\t\t\t\t<div class=\"icon\">\n\t\t\t\t\t<div class=\"icon-inner\" >\n\t\t\t\t\t\t<img loading=\"lazy\" decoding=\"async\" width=\"86\" height=\"90\" src=\"https:\/\/lamvi.site\/wp-content\/uploads\/2023\/12\/Screenshot-2023-12-29-at-15.46.55.png\" class=\"attachment-medium size-medium\" alt=\"\" \/>\t\t\t\t\t<\/div>\n\t\t\t\t<\/div>\n\t\t\t<\/div>\n\t\t\t\t<div class=\"icon-box-text last-reset\">\n\t\t\t\t\t\t\t\t\t\n<p><strong>Email<\/strong><\/p>\n<p>cskh.cmech@gmail.com<\/p>\n\t\t<\/div>\n\t<\/div>\n\t\n\t\n\t\t<\/div>\n\t\t\t\t\t<\/div>\n\n\t\n\n\t<div id=\"col-2087912527\" class=\"col medium-4 small-12 large-4\"  >\n\t\t\t\t<div class=\"col-inner\"  >\n\t\t\t\n\t\t\t\n\n\t\t<div class=\"icon-box featured-box icon-box-left text-left\"  >\n\t\t\t\t\t<div class=\"icon-box-img\" style=\"width: 40px\">\n\t\t\t\t<div class=\"icon\">\n\t\t\t\t\t<div class=\"icon-inner\" >\n\t\t\t\t\t\t<img loading=\"lazy\" decoding=\"async\" width=\"92\" height=\"94\" src=\"https:\/\/lamvi.site\/wp-content\/uploads\/2023\/12\/Screenshot-2023-12-29-at-15.46.40.png\" class=\"attachment-medium size-medium\" alt=\"\" \/>\t\t\t\t\t<\/div>\n\t\t\t\t<\/div>\n\t\t\t<\/div>\n\t\t\t\t<div class=\"icon-box-text last-reset\">\n\t\t\t\t\t\t\t\t\t\n<p><strong>Hotline<\/strong><\/p>\n<p><span style=\"color: #333300;\"><a class=\"text-is-phone-number\" style=\"color: #333300;\" data-z-element-type=\"phone-number\">0915 156 156<\/a><\/span><\/p>\n\t\t<\/div>\n\t<\/div>\n\t\n\t\n\t\t<\/div>\n\t\t\t\t\t<\/div>\n\n\t\n\n\t<div id=\"col-2108650746\" class=\"col medium-4 small-12 large-4\"  >\n\t\t\t\t<div class=\"col-inner\"  >\n\t\t\t\n\t\t\t\n\n\t\t<div class=\"icon-box featured-box icon-box-left text-left\"  >\n\t\t\t\t\t<div class=\"icon-box-img\" style=\"width: 40px\">\n\t\t\t\t<div class=\"icon\">\n\t\t\t\t\t<div class=\"icon-inner\" >\n\t\t\t\t\t\t<img loading=\"lazy\" decoding=\"async\" width=\"86\" height=\"92\" src=\"https:\/\/lamvi.site\/wp-content\/uploads\/2023\/12\/Screenshot-2023-12-29-at-15.46.49.png\" class=\"attachment-medium size-medium\" alt=\"\" \/>\t\t\t\t\t<\/div>\n\t\t\t\t<\/div>\n\t\t\t<\/div>\n\t\t\t\t<div class=\"icon-box-text last-reset\">\n\t\t\t\t\t\t\t\t\t\n<p><strong>Th\u1eddi gian l\u00e0m vi\u1ec7c<\/strong><\/p>\n<p>8h-17h Th\u1ee9 hai &#8211; Th\u1ee9 b\u1ea3y<\/p>\n\t\t<\/div>\n\t<\/div>\n\t\n\t\n\t\t<\/div>\n\t\t\t\t\t<\/div>\n\n\t\n<\/div>\n<div class=\"row lh\"  id=\"row-85339751\">\n\n\t<div id=\"col-343581767\" class=\"col medium-6 small-12 large-6\"  >\n\t\t\t\t<div class=\"col-inner\"  >\n\t\t\t\n\t\t\t\n\t<div id=\"gap-1934647983\" class=\"gap-element clearfix\" style=\"display:block; height:auto;\">\n\t\t\n<style>\n#gap-1934647983 {\n  padding-top: 30px;\n}\n<\/style>\n\t<\/div>\n\t\n<h4>LI\u00caN H\u1ec6 V\u1edaI CH\u00daNG T\u00d4I<\/h4>\n<p><span class=\"content-form\">N\u1ebfu b\u1ea1n c\u00f3 th\u1eafc m\u1eafc g\u00ec, c\u00f3 th\u1ec3 g\u1eedi y\u00eau c\u1ea7u cho ch\u00fang t\u00f4i, v\u00e0 ch\u00fang t\u00f4i s\u1ebd li\u00ean l\u1ea1c l\u1ea1i v\u1edbi b\u1ea1n s\u1edbm nh\u1ea5t c\u00f3 th\u1ec3 .<\/span><\/p>\n\n<div class=\"wpcf7 no-js\" id=\"wpcf7-f158-o1\" lang=\"vi\" dir=\"ltr\">\n<div class=\"screen-reader-response\"><p role=\"status\" aria-live=\"polite\" aria-atomic=\"true\"><\/p> <ul><\/ul><\/div>\n<form action=\"\/index.php\/wp-json\/wp\/v2\/pages\/48#wpcf7-f158-o1\" method=\"post\" class=\"wpcf7-form init\" aria-label=\"Form li\u00ean h\u1ec7\" novalidate=\"novalidate\" data-status=\"init\">\n<div style=\"display: none;\">\n<input type=\"hidden\" name=\"_wpcf7\" value=\"158\" \/>\n<input type=\"hidden\" name=\"_wpcf7_version\" value=\"5.8.5\" \/>\n<input type=\"hidden\" name=\"_wpcf7_locale\" value=\"vi\" \/>\n<input type=\"hidden\" name=\"_wpcf7_unit_tag\" value=\"wpcf7-f158-o1\" \/>\n<input type=\"hidden\" name=\"_wpcf7_container_post\" value=\"0\" \/>\n<input type=\"hidden\" name=\"_wpcf7_posted_data_hash\" value=\"\" \/>\n<\/div>\n<p><label> H\u1ecd v\u00e0 t\u00ean<br \/>\n<span class=\"wpcf7-form-control-wrap\" data-name=\"your-name\"><input size=\"40\" class=\"wpcf7-form-control wpcf7-text wpcf7-validates-as-required\" autocomplete=\"name\" aria-required=\"true\" aria-invalid=\"false\" value=\"\" type=\"text\" name=\"your-name\" \/><\/span> <\/label>\n<\/p>\n<p><label> Email<br \/>\n<span class=\"wpcf7-form-control-wrap\" data-name=\"your-email\"><input size=\"40\" class=\"wpcf7-form-control wpcf7-email wpcf7-validates-as-required wpcf7-text wpcf7-validates-as-email\" autocomplete=\"email\" aria-required=\"true\" aria-invalid=\"false\" value=\"\" type=\"email\" name=\"your-email\" \/><\/span> <\/label>\n<\/p>\n<p><label> Ti\u00eau \u0111\u1ec1:<br \/>\n<span class=\"wpcf7-form-control-wrap\" data-name=\"your-subject\"><input size=\"40\" class=\"wpcf7-form-control wpcf7-text wpcf7-validates-as-required\" aria-required=\"true\" aria-invalid=\"false\" value=\"\" type=\"text\" name=\"your-subject\" \/><\/span> <\/label>\n<\/p>\n<p><label> N\u1ed9i dung (kh\u00f4ng b\u1eaft bu\u1ed9c)<br \/>\n<span class=\"wpcf7-form-control-wrap\" data-name=\"your-message\"><textarea cols=\"40\" rows=\"10\" class=\"wpcf7-form-control wpcf7-textarea\" aria-invalid=\"false\" name=\"your-message\"><\/textarea><\/span> <\/label>\n<\/p>\n<p><input class=\"wpcf7-form-control wpcf7-submit has-spinner\" type=\"submit\" value=\"G\u1eedi th\u00f4ng tin\" \/>\n<\/p><div class=\"wpcf7-response-output\" aria-hidden=\"true\"><\/div>\n<\/form>\n<\/div>\n\n\t\t<\/div>\n\t\t\t\t\t<\/div>\n\n\t\n\n\t<div id=\"col-1535450710\" class=\"col medium-6 small-12 large-6\"  >\n\t\t\t\t<div class=\"col-inner\"  >\n\t\t\t\n\t\t\t\n\n<p><iframe src=\"https:\/\/www.google.com\/maps\/embed?pb=!1m18!1m12!1m3!1d3725.309053627056!2d105.74465959999999!3d20.980245099999998!2m3!1f0!2f0!3f0!3m2!1i1024!2i768!4f13.1!3m3!1m2!1s0x313453b9d4f8b889%3A0x858f7c2e9af06d0e!2sCty%20CPVL%20CMECH%20C.ASIA!5e0!3m2!1svi!2s!4v1704341950753!5m2!1svi!2s\" width=\"800\" height=\"630\" style=\"border:0;\" allowfullscreen=\"\" loading=\"lazy\" referrerpolicy=\"no-referrer-when-downgrade\"><\/iframe><br \/>\n\n\t\t<\/div>\n\t\t\t\t\t<\/div>\n\n\t\n<\/div>\n\t\t<\/div>\n\n\t\t\n<style>\n#section_432568848 {\n  padding-top: 30px;\n  padding-bottom: 30px;\n}\n<\/style>\n\t<\/section>\n\t\n","protected":false},"excerpt":{"rendered":"","protected":false},"author":1,"featured_media":0,"parent":0,"menu_order":0,"comment_status":"closed","ping_status":"closed","template":"page-blank.php","meta":{"footnotes":""},"class_list":["post-48","page","type-page","status-publish","hentry"],"_links":{"self":[{"href":"https:\/\/lamvi.site\/index.php\/wp-json\/wp\/v2\/pages\/48","targetHints":{"allow":["GET"]}}],"collection":[{"href":"https:\/\/lamvi.site\/index.php\/wp-json\/wp\/v2\/pages"}],"about":[{"href":"https:\/\/lamvi.site\/index.php\/wp-json\/wp\/v2\/types\/page"}],"author":[{"embeddable":true,"href":"https:\/\/lamvi.site\/index.php\/wp-json\/wp\/v2\/users\/1"}],"replies":[{"embeddable":true,"href":"https:\/\/lamvi.site\/index.php\/wp-json\/wp\/v2\/comments?post=48"}],"version-history":[{"count":18,"href":"https:\/\/lamvi.site\/index.php\/wp-json\/wp\/v2\/pages\/48\/revisions"}],"predecessor-version":[{"id":393,"href":"https:\/\/lamvi.site\/index.php\/wp-json\/wp\/v2\/pages\/48\/revisions\/393"}],"wp:attachment":[{"href":"https:\/\/lamvi.site\/index.php\/wp-json\/wp\/v2\/media?parent=48"}],"curies":[{"name":"wp","href":"https:\/\/api.w.org\/{rel}","templated":true}]}}